{"id":1054,"date":"2023-12-05T12:02:12","date_gmt":"2023-12-05T11:02:12","guid":{"rendered":"https:\/\/www.strehn.at\/?post_type=product&#038;p=1054"},"modified":"2025-11-20T10:55:37","modified_gmt":"2025-11-20T09:55:37","slug":"shiki-miki-rose-brut-magnum","status":"publish","type":"product","link":"https:\/\/www.strehn.at\/en\/produkt\/shiki-miki-rose-brut-magnum\/","title":{"rendered":"Shiki Miki Magnum Ros\u00e9 Brut 1,5l"},"content":{"rendered":"<p><strong>Magnumflasche <\/strong>(1,5 Liter)<\/p>\n<p>Und es hat <em>blubb <\/em>gemacht.<br \/>\nAuf der Zunge tanzt die Perlage fein und unbeschwert dahin.<br \/>\nErdbeeren dr\u00e4ngen sich nach vorne, w\u00e4hrend es am Gaumen traumhaft griffig zugeht.<br \/>\nDer Tropfen hat Textur und auch Charakter, zieht leicht rauchig in den Abgang und verhallt in einer staubig wei\u00dfen Wolke, die von Aromen wei\u00dfer Bl\u00fcten unterf\u00fcttert ist.<br \/>\nRichtig seri\u00f6ser Sommersprudel.<\/p>\n<p>Syrah, Cabernet Sauvignon<\/p>\n","protected":false},"excerpt":{"rendered":"<p>Wenn Sie sich beim Genie\u00dfen wie auf Wolken f\u00fchlen, dann haben wir unser Ziel erreicht. Luftig, duftig, mit feiner Perlage l\u00e4sst Sie dieser Schaumwein dem Alltag entschweben und eintauchen in das, wonach wir uns alle so sehr sehnen: Prickelnde Momente.<\/p>\n","protected":false},"featured_media":481,"template":"","meta":{"_acf_changed":false,"ocean_post_layout":"","ocean_both_sidebars_style":"","ocean_both_sidebars_content_width":0,"ocean_both_sidebars_sidebars_width":0,"ocean_sidebar":"","ocean_second_sidebar":"","ocean_disable_margins":"enable","ocean_add_body_class":"","ocean_shortcode_before_top_bar":"","ocean_shortcode_after_top_bar":"","ocean_shortcode_before_header":"","ocean_shortcode_after_header":"","ocean_has_shortcode":"","ocean_shortcode_after_title":"","ocean_shortcode_before_footer_widgets":"","ocean_shortcode_after_footer_widgets":"","ocean_shortcode_before_footer_bottom":"","ocean_shortcode_after_footer_bottom":"","ocean_display_top_bar":"default","ocean_display_header":"default","ocean_header_style":"","ocean_center_header_left_menu":"","ocean_custom_header_template":"","ocean_custom_logo":0,"ocean_custom_retina_logo":0,"ocean_custom_logo_max_width":0,"ocean_custom_logo_tablet_max_width":0,"ocean_custom_logo_mobile_max_width":0,"ocean_custom_logo_max_height":0,"ocean_custom_logo_tablet_max_height":0,"ocean_custom_logo_mobile_max_height":0,"ocean_header_custom_menu":"","ocean_menu_typo_font_family":"","ocean_menu_typo_font_subset":"","ocean_menu_typo_font_size":0,"ocean_menu_typo_font_size_tablet":0,"ocean_menu_typo_font_size_mobile":0,"ocean_menu_typo_font_size_unit":"px","ocean_menu_typo_font_weight":"","ocean_menu_typo_font_weight_tablet":"","ocean_menu_typo_font_weight_mobile":"","ocean_menu_typo_transform":"","ocean_menu_typo_transform_tablet":"","ocean_menu_typo_transform_mobile":"","ocean_menu_typo_line_height":0,"ocean_menu_typo_line_height_tablet":0,"ocean_menu_typo_line_height_mobile":0,"ocean_menu_typo_line_height_unit":"","ocean_menu_typo_spacing":0,"ocean_menu_typo_spacing_tablet":0,"ocean_menu_typo_spacing_mobile":0,"ocean_menu_typo_spacing_unit":"","ocean_menu_link_color":"","ocean_menu_link_color_hover":"","ocean_menu_link_color_active":"","ocean_menu_link_background":"","ocean_menu_link_hover_background":"","ocean_menu_link_active_background":"","ocean_menu_social_links_bg":"","ocean_menu_social_hover_links_bg":"","ocean_menu_social_links_color":"","ocean_menu_social_hover_links_color":"","ocean_disable_title":"default","ocean_disable_heading":"default","ocean_post_title":"","ocean_post_subheading":"","ocean_post_title_style":"","ocean_post_title_background_color":"","ocean_post_title_background":0,"ocean_post_title_bg_image_position":"","ocean_post_title_bg_image_attachment":"","ocean_post_title_bg_image_repeat":"","ocean_post_title_bg_image_size":"","ocean_post_title_height":0,"ocean_post_title_bg_overlay":0.5,"ocean_post_title_bg_overlay_color":"","ocean_disable_breadcrumbs":"default","ocean_breadcrumbs_color":"","ocean_breadcrumbs_separator_color":"","ocean_breadcrumbs_links_color":"","ocean_breadcrumbs_links_hover_color":"","ocean_display_footer_widgets":"default","ocean_display_footer_bottom":"default","ocean_custom_footer_template":""},"product_brand":[],"product_cat":[23,18,21],"product_tag":[],"class_list":{"0":"post-1054","1":"product","2":"type-product","3":"status-publish","4":"has-post-thumbnail","6":"product_cat-magnum","7":"product_cat-rose","8":"product_cat-schaumwein","9":"product_shipping_class-magnumflaschen","11":"entry","12":"has-media","14":"first","15":"instock","16":"shipping-taxable","17":"purchasable","18":"product-type-simple","19":"has-product-nav","20":"col","21":"span_1_of_2","22":"owp-content-center","23":"item-entry","24":"owp-thumbs-layout-horizontal","25":"owp-btn-normal","26":"owp-tabs-layout-horizontal","27":"has-no-thumbnails"},"acf":[],"yoast_head":"<!-- This site is optimized with the Yoast SEO plugin v27.4 - https:\/\/yoast.com\/product\/yoast-seo-wordpress\/ -->\n<title>Shiki Miki Magnum Ros\u00e9 Brut 1,5l - Pia Strehn<\/title>\n<meta name=\"robots\" content=\"index, follow, max-snippet:-1, max-image-preview:large, max-video-preview:-1\" \/>\n<link rel=\"canonical\" href=\"https:\/\/www.strehn.at\/en\/produkt\/shiki-miki-rose-brut-magnum\/\" \/>\n<meta property=\"og:locale\" content=\"en_US\" \/>\n<meta property=\"og:type\" content=\"article\" \/>\n<meta property=\"og:title\" content=\"Shiki Miki Magnum Ros\u00e9 Brut 1,5l - Pia Strehn\" \/>\n<meta property=\"og:description\" content=\"Wenn Sie sich beim Genie\u00dfen wie auf Wolken f\u00fchlen, dann haben wir unser Ziel erreicht. Luftig, duftig, mit feiner Perlage l\u00e4sst Sie dieser Schaumwein dem Alltag entschweben und eintauchen in das, wonach wir uns alle so sehr sehnen: Prickelnde Momente.\" \/>\n<meta property=\"og:url\" content=\"https:\/\/www.strehn.at\/en\/produkt\/shiki-miki-rose-brut-magnum\/\" \/>\n<meta property=\"og:site_name\" content=\"Pia Strehn\" \/>\n<meta property=\"article:publisher\" content=\"https:\/\/www.facebook.com\/weingut.strehn\/\" \/>\n<meta property=\"article:modified_time\" content=\"2025-11-20T09:55:37+00:00\" \/>\n<meta property=\"og:image\" content=\"https:\/\/www.strehn.at\/wp-content\/uploads\/2023\/06\/shikimiki.png\" \/>\n\t<meta property=\"og:image:width\" content=\"270\" \/>\n\t<meta property=\"og:image:height\" content=\"970\" \/>\n\t<meta property=\"og:image:type\" content=\"image\/png\" \/>\n<meta name=\"twitter:card\" content=\"summary_large_image\" \/>\n<meta name=\"twitter:label1\" content=\"Est. reading time\" \/>\n\t<meta name=\"twitter:data1\" content=\"1 minute\" \/>\n<script type=\"application\/ld+json\" class=\"yoast-schema-graph\">{\"@context\":\"https:\\\/\\\/schema.org\",\"@graph\":[{\"@type\":\"WebPage\",\"@id\":\"https:\\\/\\\/www.strehn.at\\\/en\\\/produkt\\\/shiki-miki-rose-brut-magnum\\\/\",\"url\":\"https:\\\/\\\/www.strehn.at\\\/en\\\/produkt\\\/shiki-miki-rose-brut-magnum\\\/\",\"name\":\"Shiki Miki Magnum Ros\u00e9 Brut 1,5l - Pia Strehn\",\"isPartOf\":{\"@id\":\"https:\\\/\\\/www.strehn.at\\\/en\\\/#website\"},\"primaryImageOfPage\":{\"@id\":\"https:\\\/\\\/www.strehn.at\\\/en\\\/produkt\\\/shiki-miki-rose-brut-magnum\\\/#primaryimage\"},\"image\":{\"@id\":\"https:\\\/\\\/www.strehn.at\\\/en\\\/produkt\\\/shiki-miki-rose-brut-magnum\\\/#primaryimage\"},\"thumbnailUrl\":\"https:\\\/\\\/www.strehn.at\\\/wp-content\\\/uploads\\\/2023\\\/06\\\/shikimiki.png\",\"datePublished\":\"2023-12-05T11:02:12+00:00\",\"dateModified\":\"2025-11-20T09:55:37+00:00\",\"breadcrumb\":{\"@id\":\"https:\\\/\\\/www.strehn.at\\\/en\\\/produkt\\\/shiki-miki-rose-brut-magnum\\\/#breadcrumb\"},\"inLanguage\":\"en-US\",\"potentialAction\":[{\"@type\":\"ReadAction\",\"target\":[\"https:\\\/\\\/www.strehn.at\\\/en\\\/produkt\\\/shiki-miki-rose-brut-magnum\\\/\"]}]},{\"@type\":\"ImageObject\",\"inLanguage\":\"en-US\",\"@id\":\"https:\\\/\\\/www.strehn.at\\\/en\\\/produkt\\\/shiki-miki-rose-brut-magnum\\\/#primaryimage\",\"url\":\"https:\\\/\\\/www.strehn.at\\\/wp-content\\\/uploads\\\/2023\\\/06\\\/shikimiki.png\",\"contentUrl\":\"https:\\\/\\\/www.strehn.at\\\/wp-content\\\/uploads\\\/2023\\\/06\\\/shikimiki.png\",\"width\":270,\"height\":970},{\"@type\":\"BreadcrumbList\",\"@id\":\"https:\\\/\\\/www.strehn.at\\\/en\\\/produkt\\\/shiki-miki-rose-brut-magnum\\\/#breadcrumb\",\"itemListElement\":[{\"@type\":\"ListItem\",\"position\":1,\"name\":\"Startseite\",\"item\":\"https:\\\/\\\/www.strehn.at\\\/en\\\/\"},{\"@type\":\"ListItem\",\"position\":2,\"name\":\"Shop\",\"item\":\"https:\\\/\\\/www.strehn.at\\\/shop\\\/\"},{\"@type\":\"ListItem\",\"position\":3,\"name\":\"Shiki Miki Magnum Ros\u00e9 Brut 1,5l\"}]},{\"@type\":\"WebSite\",\"@id\":\"https:\\\/\\\/www.strehn.at\\\/en\\\/#website\",\"url\":\"https:\\\/\\\/www.strehn.at\\\/en\\\/\",\"name\":\"Pia Strehn\",\"description\":\"Weingut Familie Strehn\",\"publisher\":{\"@id\":\"https:\\\/\\\/www.strehn.at\\\/en\\\/#organization\"},\"potentialAction\":[{\"@type\":\"SearchAction\",\"target\":{\"@type\":\"EntryPoint\",\"urlTemplate\":\"https:\\\/\\\/www.strehn.at\\\/en\\\/?s={search_term_string}\"},\"query-input\":{\"@type\":\"PropertyValueSpecification\",\"valueRequired\":true,\"valueName\":\"search_term_string\"}}],\"inLanguage\":\"en-US\"},{\"@type\":\"Organization\",\"@id\":\"https:\\\/\\\/www.strehn.at\\\/en\\\/#organization\",\"name\":\"Pia Strehn\",\"url\":\"https:\\\/\\\/www.strehn.at\\\/en\\\/\",\"logo\":{\"@type\":\"ImageObject\",\"inLanguage\":\"en-US\",\"@id\":\"https:\\\/\\\/www.strehn.at\\\/en\\\/#\\\/schema\\\/logo\\\/image\\\/\",\"url\":\"https:\\\/\\\/www.strehn.at\\\/wp-content\\\/uploads\\\/2023\\\/05\\\/GESCHWISTER-Logo.png\",\"contentUrl\":\"https:\\\/\\\/www.strehn.at\\\/wp-content\\\/uploads\\\/2023\\\/05\\\/GESCHWISTER-Logo.png\",\"width\":605,\"height\":830,\"caption\":\"Pia Strehn\"},\"image\":{\"@id\":\"https:\\\/\\\/www.strehn.at\\\/en\\\/#\\\/schema\\\/logo\\\/image\\\/\"},\"sameAs\":[\"https:\\\/\\\/www.facebook.com\\\/weingut.strehn\\\/\",\"https:\\\/\\\/www.instagram.com\\\/piastrehn\\\/\"]}]}<\/script>\n<!-- \/ Yoast SEO plugin. -->","yoast_head_json":{"title":"Shiki Miki Magnum Ros\u00e9 Brut 1,5l - Pia Strehn","robots":{"index":"index","follow":"follow","max-snippet":"max-snippet:-1","max-image-preview":"max-image-preview:large","max-video-preview":"max-video-preview:-1"},"canonical":"https:\/\/www.strehn.at\/en\/produkt\/shiki-miki-rose-brut-magnum\/","og_locale":"en_US","og_type":"article","og_title":"Shiki Miki Magnum Ros\u00e9 Brut 1,5l - Pia Strehn","og_description":"Wenn Sie sich beim Genie\u00dfen wie auf Wolken f\u00fchlen, dann haben wir unser Ziel erreicht. Luftig, duftig, mit feiner Perlage l\u00e4sst Sie dieser Schaumwein dem Alltag entschweben und eintauchen in das, wonach wir uns alle so sehr sehnen: Prickelnde Momente.","og_url":"https:\/\/www.strehn.at\/en\/produkt\/shiki-miki-rose-brut-magnum\/","og_site_name":"Pia Strehn","article_publisher":"https:\/\/www.facebook.com\/weingut.strehn\/","article_modified_time":"2025-11-20T09:55:37+00:00","og_image":[{"width":270,"height":970,"url":"https:\/\/www.strehn.at\/wp-content\/uploads\/2023\/06\/shikimiki.png","type":"image\/png"}],"twitter_card":"summary_large_image","twitter_misc":{"Est. reading time":"1 minute"},"schema":{"@context":"https:\/\/schema.org","@graph":[{"@type":"WebPage","@id":"https:\/\/www.strehn.at\/en\/produkt\/shiki-miki-rose-brut-magnum\/","url":"https:\/\/www.strehn.at\/en\/produkt\/shiki-miki-rose-brut-magnum\/","name":"Shiki Miki Magnum Ros\u00e9 Brut 1,5l - Pia Strehn","isPartOf":{"@id":"https:\/\/www.strehn.at\/en\/#website"},"primaryImageOfPage":{"@id":"https:\/\/www.strehn.at\/en\/produkt\/shiki-miki-rose-brut-magnum\/#primaryimage"},"image":{"@id":"https:\/\/www.strehn.at\/en\/produkt\/shiki-miki-rose-brut-magnum\/#primaryimage"},"thumbnailUrl":"https:\/\/www.strehn.at\/wp-content\/uploads\/2023\/06\/shikimiki.png","datePublished":"2023-12-05T11:02:12+00:00","dateModified":"2025-11-20T09:55:37+00:00","breadcrumb":{"@id":"https:\/\/www.strehn.at\/en\/produkt\/shiki-miki-rose-brut-magnum\/#breadcrumb"},"inLanguage":"en-US","potentialAction":[{"@type":"ReadAction","target":["https:\/\/www.strehn.at\/en\/produkt\/shiki-miki-rose-brut-magnum\/"]}]},{"@type":"ImageObject","inLanguage":"en-US","@id":"https:\/\/www.strehn.at\/en\/produkt\/shiki-miki-rose-brut-magnum\/#primaryimage","url":"https:\/\/www.strehn.at\/wp-content\/uploads\/2023\/06\/shikimiki.png","contentUrl":"https:\/\/www.strehn.at\/wp-content\/uploads\/2023\/06\/shikimiki.png","width":270,"height":970},{"@type":"BreadcrumbList","@id":"https:\/\/www.strehn.at\/en\/produkt\/shiki-miki-rose-brut-magnum\/#breadcrumb","itemListElement":[{"@type":"ListItem","position":1,"name":"Startseite","item":"https:\/\/www.strehn.at\/en\/"},{"@type":"ListItem","position":2,"name":"Shop","item":"https:\/\/www.strehn.at\/shop\/"},{"@type":"ListItem","position":3,"name":"Shiki Miki Magnum Ros\u00e9 Brut 1,5l"}]},{"@type":"WebSite","@id":"https:\/\/www.strehn.at\/en\/#website","url":"https:\/\/www.strehn.at\/en\/","name":"Pia Strehn","description":"Weingut Familie Strehn","publisher":{"@id":"https:\/\/www.strehn.at\/en\/#organization"},"potentialAction":[{"@type":"SearchAction","target":{"@type":"EntryPoint","urlTemplate":"https:\/\/www.strehn.at\/en\/?s={search_term_string}"},"query-input":{"@type":"PropertyValueSpecification","valueRequired":true,"valueName":"search_term_string"}}],"inLanguage":"en-US"},{"@type":"Organization","@id":"https:\/\/www.strehn.at\/en\/#organization","name":"Pia Strehn","url":"https:\/\/www.strehn.at\/en\/","logo":{"@type":"ImageObject","inLanguage":"en-US","@id":"https:\/\/www.strehn.at\/en\/#\/schema\/logo\/image\/","url":"https:\/\/www.strehn.at\/wp-content\/uploads\/2023\/05\/GESCHWISTER-Logo.png","contentUrl":"https:\/\/www.strehn.at\/wp-content\/uploads\/2023\/05\/GESCHWISTER-Logo.png","width":605,"height":830,"caption":"Pia Strehn"},"image":{"@id":"https:\/\/www.strehn.at\/en\/#\/schema\/logo\/image\/"},"sameAs":["https:\/\/www.facebook.com\/weingut.strehn\/","https:\/\/www.instagram.com\/piastrehn\/"]}]}},"_links":{"self":[{"href":"https:\/\/www.strehn.at\/en\/wp-json\/wp\/v2\/product\/1054","targetHints":{"allow":["GET"]}}],"collection":[{"href":"https:\/\/www.strehn.at\/en\/wp-json\/wp\/v2\/product"}],"about":[{"href":"https:\/\/www.strehn.at\/en\/wp-json\/wp\/v2\/types\/product"}],"wp:featuredmedia":[{"embeddable":true,"href":"https:\/\/www.strehn.at\/en\/wp-json\/wp\/v2\/media\/481"}],"wp:attachment":[{"href":"https:\/\/www.strehn.at\/en\/wp-json\/wp\/v2\/media?parent=1054"}],"wp:term":[{"taxonomy":"product_brand","embeddable":true,"href":"https:\/\/www.strehn.at\/en\/wp-json\/wp\/v2\/product_brand?post=1054"},{"taxonomy":"product_cat","embeddable":true,"href":"https:\/\/www.strehn.at\/en\/wp-json\/wp\/v2\/product_cat?post=1054"},{"taxonomy":"product_tag","embeddable":true,"href":"https:\/\/www.strehn.at\/en\/wp-json\/wp\/v2\/product_tag?post=1054"}],"curies":[{"name":"wp","href":"https:\/\/api.w.org\/{rel}","templated":true}]}}