{"id":1930,"date":"2024-07-17T10:46:25","date_gmt":"2024-07-17T08:46:25","guid":{"rendered":"https:\/\/www.strehn.at\/?post_type=product&#038;p=1930"},"modified":"2026-04-28T08:13:15","modified_gmt":"2026-04-28T06:13:15","slug":"mandarina","status":"publish","type":"product","link":"https:\/\/www.strehn.at\/en\/produkt\/mandarina\/","title":{"rendered":"Mandarina"},"content":{"rendered":"<p><strong>Der Name ist Programm.<\/strong><\/p>\n<p>In der Nase eine bet\u00f6rende Frische: Mandarinen, frische Kr\u00e4uter und ein Touch Salzkaramell. Am Gaumen saftige F\u00fclle, pr\u00e4sente Tannine und langer cremiger Abgang.<br \/>\nEin toller Speisenbegleiter zu vegetarischen Gerichten, unbedingt Burgundergl\u00e4ser verwenden!<br \/>\nGern auch dekantieren.<br \/>\nDie Rebsorten h\u00f6ren sich im ersten Moment ungew\u00f6hnlich an \u2013 sind sie auch, und zwar geh\u00f6ren Souvignier gris, Bl\u00fctenmuskateller und Muscaris zu den pilzwiderstandsf\u00e4higen Rebsorten, kurz PIWIs genannt.<\/p>\n","protected":false},"excerpt":{"rendered":"<p>Der Name ist Programm. In der Nase eine bet\u00f6rende Frische: Mandarinen, frische Kr\u00e4uter und ein Touch Salzkaramell. Am Gaumen saftige F\u00fclle, pr\u00e4sente Tannine und langer cremiger Abgang. Ein toller Speisenbegleiter zu vegetarischen Gerichten, unbedingt Burgundergl\u00e4ser verwenden! Gern auch dekantieren. Die Rebsorten h\u00f6ren sich im ersten Moment ungew\u00f6hnlich an \u2013 sind sie auch, und zwar geh\u00f6ren [&hellip;]<\/p>\n","protected":false},"featured_media":1931,"template":"","meta":{"_acf_changed":false,"ocean_post_layout":"","ocean_both_sidebars_style":"","ocean_both_sidebars_content_width":0,"ocean_both_sidebars_sidebars_width":0,"ocean_sidebar":"","ocean_second_sidebar":"","ocean_disable_margins":"enable","ocean_add_body_class":"","ocean_shortcode_before_top_bar":"","ocean_shortcode_after_top_bar":"","ocean_shortcode_before_header":"","ocean_shortcode_after_header":"","ocean_has_shortcode":"","ocean_shortcode_after_title":"","ocean_shortcode_before_footer_widgets":"","ocean_shortcode_after_footer_widgets":"","ocean_shortcode_before_footer_bottom":"","ocean_shortcode_after_footer_bottom":"","ocean_display_top_bar":"default","ocean_display_header":"default","ocean_header_style":"","ocean_center_header_left_menu":"","ocean_custom_header_template":"","ocean_custom_logo":0,"ocean_custom_retina_logo":0,"ocean_custom_logo_max_width":0,"ocean_custom_logo_tablet_max_width":0,"ocean_custom_logo_mobile_max_width":0,"ocean_custom_logo_max_height":0,"ocean_custom_logo_tablet_max_height":0,"ocean_custom_logo_mobile_max_height":0,"ocean_header_custom_menu":"","ocean_menu_typo_font_family":"","ocean_menu_typo_font_subset":"","ocean_menu_typo_font_size":0,"ocean_menu_typo_font_size_tablet":0,"ocean_menu_typo_font_size_mobile":0,"ocean_menu_typo_font_size_unit":"px","ocean_menu_typo_font_weight":"","ocean_menu_typo_font_weight_tablet":"","ocean_menu_typo_font_weight_mobile":"","ocean_menu_typo_transform":"","ocean_menu_typo_transform_tablet":"","ocean_menu_typo_transform_mobile":"","ocean_menu_typo_line_height":0,"ocean_menu_typo_line_height_tablet":0,"ocean_menu_typo_line_height_mobile":0,"ocean_menu_typo_line_height_unit":"","ocean_menu_typo_spacing":0,"ocean_menu_typo_spacing_tablet":0,"ocean_menu_typo_spacing_mobile":0,"ocean_menu_typo_spacing_unit":"","ocean_menu_link_color":"","ocean_menu_link_color_hover":"","ocean_menu_link_color_active":"","ocean_menu_link_background":"","ocean_menu_link_hover_background":"","ocean_menu_link_active_background":"","ocean_menu_social_links_bg":"","ocean_menu_social_hover_links_bg":"","ocean_menu_social_links_color":"","ocean_menu_social_hover_links_color":"","ocean_disable_title":"default","ocean_disable_heading":"default","ocean_post_title":"","ocean_post_subheading":"","ocean_post_title_style":"","ocean_post_title_background_color":"","ocean_post_title_background":0,"ocean_post_title_bg_image_position":"","ocean_post_title_bg_image_attachment":"","ocean_post_title_bg_image_repeat":"","ocean_post_title_bg_image_size":"","ocean_post_title_height":0,"ocean_post_title_bg_overlay":0.5,"ocean_post_title_bg_overlay_color":"","ocean_disable_breadcrumbs":"default","ocean_breadcrumbs_color":"","ocean_breadcrumbs_separator_color":"","ocean_breadcrumbs_links_color":"","ocean_breadcrumbs_links_hover_color":"","ocean_display_footer_widgets":"default","ocean_display_footer_bottom":"default","ocean_custom_footer_template":""},"product_brand":[],"product_cat":[19],"product_tag":[],"class_list":{"0":"post-1930","1":"product","2":"type-product","3":"status-publish","4":"has-post-thumbnail","6":"product_cat-weisswein","8":"entry","9":"has-media","11":"first","12":"outofstock","13":"shipping-taxable","14":"purchasable","15":"product-type-simple","16":"has-product-nav","17":"col","18":"span_1_of_2","19":"owp-content-center","20":"item-entry","21":"owp-thumbs-layout-horizontal","22":"owp-btn-normal","23":"owp-tabs-layout-horizontal","24":"has-no-thumbnails"},"acf":[],"yoast_head":"<!-- This site is optimized with the Yoast SEO plugin v27.4 - https:\/\/yoast.com\/product\/yoast-seo-wordpress\/ -->\n<title>Mandarina - Pia Strehn<\/title>\n<meta name=\"robots\" content=\"index, follow, max-snippet:-1, max-image-preview:large, max-video-preview:-1\" \/>\n<link rel=\"canonical\" href=\"https:\/\/www.strehn.at\/en\/produkt\/mandarina\/\" \/>\n<meta property=\"og:locale\" content=\"en_US\" \/>\n<meta property=\"og:type\" content=\"article\" \/>\n<meta property=\"og:title\" content=\"Mandarina - Pia Strehn\" \/>\n<meta property=\"og:description\" content=\"Der Name ist Programm. In der Nase eine bet\u00f6rende Frische: Mandarinen, frische Kr\u00e4uter und ein Touch Salzkaramell. Am Gaumen saftige F\u00fclle, pr\u00e4sente Tannine und langer cremiger Abgang. Ein toller Speisenbegleiter zu vegetarischen Gerichten, unbedingt Burgundergl\u00e4ser verwenden! Gern auch dekantieren. Die Rebsorten h\u00f6ren sich im ersten Moment ungew\u00f6hnlich an \u2013 sind sie auch, und zwar geh\u00f6ren [&hellip;]\" \/>\n<meta property=\"og:url\" content=\"https:\/\/www.strehn.at\/en\/produkt\/mandarina\/\" \/>\n<meta property=\"og:site_name\" content=\"Pia Strehn\" \/>\n<meta property=\"article:publisher\" content=\"https:\/\/www.facebook.com\/weingut.strehn\/\" \/>\n<meta property=\"article:modified_time\" content=\"2026-04-28T06:13:15+00:00\" \/>\n<meta property=\"og:image\" content=\"https:\/\/www.strehn.at\/wp-content\/uploads\/2024\/07\/strehn-mandarina.png\" \/>\n\t<meta property=\"og:image:width\" content=\"270\" \/>\n\t<meta property=\"og:image:height\" content=\"970\" \/>\n\t<meta property=\"og:image:type\" content=\"image\/png\" \/>\n<meta name=\"twitter:card\" content=\"summary_large_image\" \/>\n<meta name=\"twitter:label1\" content=\"Est. reading time\" \/>\n\t<meta name=\"twitter:data1\" content=\"1 minute\" \/>\n<script type=\"application\/ld+json\" class=\"yoast-schema-graph\">{\"@context\":\"https:\\\/\\\/schema.org\",\"@graph\":[{\"@type\":\"WebPage\",\"@id\":\"https:\\\/\\\/www.strehn.at\\\/en\\\/produkt\\\/mandarina\\\/\",\"url\":\"https:\\\/\\\/www.strehn.at\\\/en\\\/produkt\\\/mandarina\\\/\",\"name\":\"Mandarina - Pia Strehn\",\"isPartOf\":{\"@id\":\"https:\\\/\\\/www.strehn.at\\\/en\\\/#website\"},\"primaryImageOfPage\":{\"@id\":\"https:\\\/\\\/www.strehn.at\\\/en\\\/produkt\\\/mandarina\\\/#primaryimage\"},\"image\":{\"@id\":\"https:\\\/\\\/www.strehn.at\\\/en\\\/produkt\\\/mandarina\\\/#primaryimage\"},\"thumbnailUrl\":\"https:\\\/\\\/www.strehn.at\\\/wp-content\\\/uploads\\\/2024\\\/07\\\/strehn-mandarina.png\",\"datePublished\":\"2024-07-17T08:46:25+00:00\",\"dateModified\":\"2026-04-28T06:13:15+00:00\",\"breadcrumb\":{\"@id\":\"https:\\\/\\\/www.strehn.at\\\/en\\\/produkt\\\/mandarina\\\/#breadcrumb\"},\"inLanguage\":\"en-US\",\"potentialAction\":[{\"@type\":\"ReadAction\",\"target\":[\"https:\\\/\\\/www.strehn.at\\\/en\\\/produkt\\\/mandarina\\\/\"]}]},{\"@type\":\"ImageObject\",\"inLanguage\":\"en-US\",\"@id\":\"https:\\\/\\\/www.strehn.at\\\/en\\\/produkt\\\/mandarina\\\/#primaryimage\",\"url\":\"https:\\\/\\\/www.strehn.at\\\/wp-content\\\/uploads\\\/2024\\\/07\\\/strehn-mandarina.png\",\"contentUrl\":\"https:\\\/\\\/www.strehn.at\\\/wp-content\\\/uploads\\\/2024\\\/07\\\/strehn-mandarina.png\",\"width\":270,\"height\":970},{\"@type\":\"BreadcrumbList\",\"@id\":\"https:\\\/\\\/www.strehn.at\\\/en\\\/produkt\\\/mandarina\\\/#breadcrumb\",\"itemListElement\":[{\"@type\":\"ListItem\",\"position\":1,\"name\":\"Startseite\",\"item\":\"https:\\\/\\\/www.strehn.at\\\/en\\\/\"},{\"@type\":\"ListItem\",\"position\":2,\"name\":\"Shop\",\"item\":\"https:\\\/\\\/www.strehn.at\\\/shop\\\/\"},{\"@type\":\"ListItem\",\"position\":3,\"name\":\"Mandarina\"}]},{\"@type\":\"WebSite\",\"@id\":\"https:\\\/\\\/www.strehn.at\\\/en\\\/#website\",\"url\":\"https:\\\/\\\/www.strehn.at\\\/en\\\/\",\"name\":\"Pia Strehn\",\"description\":\"Weingut Familie Strehn\",\"publisher\":{\"@id\":\"https:\\\/\\\/www.strehn.at\\\/en\\\/#organization\"},\"potentialAction\":[{\"@type\":\"SearchAction\",\"target\":{\"@type\":\"EntryPoint\",\"urlTemplate\":\"https:\\\/\\\/www.strehn.at\\\/en\\\/?s={search_term_string}\"},\"query-input\":{\"@type\":\"PropertyValueSpecification\",\"valueRequired\":true,\"valueName\":\"search_term_string\"}}],\"inLanguage\":\"en-US\"},{\"@type\":\"Organization\",\"@id\":\"https:\\\/\\\/www.strehn.at\\\/en\\\/#organization\",\"name\":\"Pia Strehn\",\"url\":\"https:\\\/\\\/www.strehn.at\\\/en\\\/\",\"logo\":{\"@type\":\"ImageObject\",\"inLanguage\":\"en-US\",\"@id\":\"https:\\\/\\\/www.strehn.at\\\/en\\\/#\\\/schema\\\/logo\\\/image\\\/\",\"url\":\"https:\\\/\\\/www.strehn.at\\\/wp-content\\\/uploads\\\/2023\\\/05\\\/GESCHWISTER-Logo.png\",\"contentUrl\":\"https:\\\/\\\/www.strehn.at\\\/wp-content\\\/uploads\\\/2023\\\/05\\\/GESCHWISTER-Logo.png\",\"width\":605,\"height\":830,\"caption\":\"Pia Strehn\"},\"image\":{\"@id\":\"https:\\\/\\\/www.strehn.at\\\/en\\\/#\\\/schema\\\/logo\\\/image\\\/\"},\"sameAs\":[\"https:\\\/\\\/www.facebook.com\\\/weingut.strehn\\\/\",\"https:\\\/\\\/www.instagram.com\\\/piastrehn\\\/\"]}]}<\/script>\n<!-- \/ Yoast SEO plugin. -->","yoast_head_json":{"title":"Mandarina - Pia Strehn","robots":{"index":"index","follow":"follow","max-snippet":"max-snippet:-1","max-image-preview":"max-image-preview:large","max-video-preview":"max-video-preview:-1"},"canonical":"https:\/\/www.strehn.at\/en\/produkt\/mandarina\/","og_locale":"en_US","og_type":"article","og_title":"Mandarina - Pia Strehn","og_description":"Der Name ist Programm. In der Nase eine bet\u00f6rende Frische: Mandarinen, frische Kr\u00e4uter und ein Touch Salzkaramell. Am Gaumen saftige F\u00fclle, pr\u00e4sente Tannine und langer cremiger Abgang. Ein toller Speisenbegleiter zu vegetarischen Gerichten, unbedingt Burgundergl\u00e4ser verwenden! Gern auch dekantieren. Die Rebsorten h\u00f6ren sich im ersten Moment ungew\u00f6hnlich an \u2013 sind sie auch, und zwar geh\u00f6ren [&hellip;]","og_url":"https:\/\/www.strehn.at\/en\/produkt\/mandarina\/","og_site_name":"Pia Strehn","article_publisher":"https:\/\/www.facebook.com\/weingut.strehn\/","article_modified_time":"2026-04-28T06:13:15+00:00","og_image":[{"width":270,"height":970,"url":"https:\/\/www.strehn.at\/wp-content\/uploads\/2024\/07\/strehn-mandarina.png","type":"image\/png"}],"twitter_card":"summary_large_image","twitter_misc":{"Est. reading time":"1 minute"},"schema":{"@context":"https:\/\/schema.org","@graph":[{"@type":"WebPage","@id":"https:\/\/www.strehn.at\/en\/produkt\/mandarina\/","url":"https:\/\/www.strehn.at\/en\/produkt\/mandarina\/","name":"Mandarina - Pia Strehn","isPartOf":{"@id":"https:\/\/www.strehn.at\/en\/#website"},"primaryImageOfPage":{"@id":"https:\/\/www.strehn.at\/en\/produkt\/mandarina\/#primaryimage"},"image":{"@id":"https:\/\/www.strehn.at\/en\/produkt\/mandarina\/#primaryimage"},"thumbnailUrl":"https:\/\/www.strehn.at\/wp-content\/uploads\/2024\/07\/strehn-mandarina.png","datePublished":"2024-07-17T08:46:25+00:00","dateModified":"2026-04-28T06:13:15+00:00","breadcrumb":{"@id":"https:\/\/www.strehn.at\/en\/produkt\/mandarina\/#breadcrumb"},"inLanguage":"en-US","potentialAction":[{"@type":"ReadAction","target":["https:\/\/www.strehn.at\/en\/produkt\/mandarina\/"]}]},{"@type":"ImageObject","inLanguage":"en-US","@id":"https:\/\/www.strehn.at\/en\/produkt\/mandarina\/#primaryimage","url":"https:\/\/www.strehn.at\/wp-content\/uploads\/2024\/07\/strehn-mandarina.png","contentUrl":"https:\/\/www.strehn.at\/wp-content\/uploads\/2024\/07\/strehn-mandarina.png","width":270,"height":970},{"@type":"BreadcrumbList","@id":"https:\/\/www.strehn.at\/en\/produkt\/mandarina\/#breadcrumb","itemListElement":[{"@type":"ListItem","position":1,"name":"Startseite","item":"https:\/\/www.strehn.at\/en\/"},{"@type":"ListItem","position":2,"name":"Shop","item":"https:\/\/www.strehn.at\/shop\/"},{"@type":"ListItem","position":3,"name":"Mandarina"}]},{"@type":"WebSite","@id":"https:\/\/www.strehn.at\/en\/#website","url":"https:\/\/www.strehn.at\/en\/","name":"Pia Strehn","description":"Weingut Familie Strehn","publisher":{"@id":"https:\/\/www.strehn.at\/en\/#organization"},"potentialAction":[{"@type":"SearchAction","target":{"@type":"EntryPoint","urlTemplate":"https:\/\/www.strehn.at\/en\/?s={search_term_string}"},"query-input":{"@type":"PropertyValueSpecification","valueRequired":true,"valueName":"search_term_string"}}],"inLanguage":"en-US"},{"@type":"Organization","@id":"https:\/\/www.strehn.at\/en\/#organization","name":"Pia Strehn","url":"https:\/\/www.strehn.at\/en\/","logo":{"@type":"ImageObject","inLanguage":"en-US","@id":"https:\/\/www.strehn.at\/en\/#\/schema\/logo\/image\/","url":"https:\/\/www.strehn.at\/wp-content\/uploads\/2023\/05\/GESCHWISTER-Logo.png","contentUrl":"https:\/\/www.strehn.at\/wp-content\/uploads\/2023\/05\/GESCHWISTER-Logo.png","width":605,"height":830,"caption":"Pia Strehn"},"image":{"@id":"https:\/\/www.strehn.at\/en\/#\/schema\/logo\/image\/"},"sameAs":["https:\/\/www.facebook.com\/weingut.strehn\/","https:\/\/www.instagram.com\/piastrehn\/"]}]}},"_links":{"self":[{"href":"https:\/\/www.strehn.at\/en\/wp-json\/wp\/v2\/product\/1930","targetHints":{"allow":["GET"]}}],"collection":[{"href":"https:\/\/www.strehn.at\/en\/wp-json\/wp\/v2\/product"}],"about":[{"href":"https:\/\/www.strehn.at\/en\/wp-json\/wp\/v2\/types\/product"}],"wp:featuredmedia":[{"embeddable":true,"href":"https:\/\/www.strehn.at\/en\/wp-json\/wp\/v2\/media\/1931"}],"wp:attachment":[{"href":"https:\/\/www.strehn.at\/en\/wp-json\/wp\/v2\/media?parent=1930"}],"wp:term":[{"taxonomy":"product_brand","embeddable":true,"href":"https:\/\/www.strehn.at\/en\/wp-json\/wp\/v2\/product_brand?post=1930"},{"taxonomy":"product_cat","embeddable":true,"href":"https:\/\/www.strehn.at\/en\/wp-json\/wp\/v2\/product_cat?post=1930"},{"taxonomy":"product_tag","embeddable":true,"href":"https:\/\/www.strehn.at\/en\/wp-json\/wp\/v2\/product_tag?post=1930"}],"curies":[{"name":"wp","href":"https:\/\/api.w.org\/{rel}","templated":true}]}}