{"id":289,"date":"2023-06-27T08:00:27","date_gmt":"2023-06-27T06:00:27","guid":{"rendered":"https:\/\/strehn.insyde.at\/?post_type=product&#038;p=289"},"modified":"2026-03-11T09:09:27","modified_gmt":"2026-03-11T08:09:27","slug":"blaufraenkisch-rose","status":"publish","type":"product","link":"https:\/\/www.strehn.at\/en\/produkt\/blaufraenkisch-rose\/","title":{"rendered":"Blaufr\u00e4nkisch Ros\u00e9"},"content":{"rendered":"<div class=\"wpb-content-wrapper\"><p>[vc_row][vc_column][vc_column_text css=&#8221;&#8221;]Ros\u00e9 nimmt bei uns am Weingut einen ganz besonderen Stellenwert ein. Ros\u00e9 ist mehr als ein Wein, er vermittelt so viel Gef\u00fchl und Lifestyle \u2026\u00a0 Der neue Jahrgang besticht durch Zitrusnoten, Kaktusfeige, Ankl\u00e4nge von Pfirsich, Erdbeeren und Wiesenkr\u00e4uter, am Gaumen nochmal intensive und saftige Frucht.<br \/>\nEcht viel Wein :-).[\/vc_column_text][\/vc_column][\/vc_row]<\/p>\n<\/div>","protected":false},"excerpt":{"rendered":"<p>[vc_row][vc_column][vc_column_text css=&#8221;&#8221;]Ros\u00e9 nimmt bei uns am Weingut einen ganz besonderen Stellenwert ein. Ros\u00e9 ist mehr als ein Wein, er vermittelt so viel Gef\u00fchl und Lifestyle \u2026\u00a0 Der neue Jahrgang besticht durch Zitrusnoten, Kaktusfeige, Ankl\u00e4nge von Pfirsich, Erdbeeren und Wiesenkr\u00e4uter, am Gaumen nochmal intensive und saftige Frucht. Echt viel Wein :-).[\/vc_column_text][\/vc_column][\/vc_row]<\/p>\n","protected":false},"featured_media":473,"template":"","meta":{"_acf_changed":false,"ocean_post_layout":"","ocean_both_sidebars_style":"","ocean_both_sidebars_content_width":0,"ocean_both_sidebars_sidebars_width":0,"ocean_sidebar":"","ocean_second_sidebar":"","ocean_disable_margins":"enable","ocean_add_body_class":"","ocean_shortcode_before_top_bar":"","ocean_shortcode_after_top_bar":"","ocean_shortcode_before_header":"","ocean_shortcode_after_header":"","ocean_has_shortcode":"","ocean_shortcode_after_title":"","ocean_shortcode_before_footer_widgets":"","ocean_shortcode_after_footer_widgets":"","ocean_shortcode_before_footer_bottom":"","ocean_shortcode_after_footer_bottom":"","ocean_display_top_bar":"default","ocean_display_header":"default","ocean_header_style":"","ocean_center_header_left_menu":"","ocean_custom_header_template":"","ocean_custom_logo":0,"ocean_custom_retina_logo":0,"ocean_custom_logo_max_width":0,"ocean_custom_logo_tablet_max_width":0,"ocean_custom_logo_mobile_max_width":0,"ocean_custom_logo_max_height":0,"ocean_custom_logo_tablet_max_height":0,"ocean_custom_logo_mobile_max_height":0,"ocean_header_custom_menu":"","ocean_menu_typo_font_family":"","ocean_menu_typo_font_subset":"","ocean_menu_typo_font_size":0,"ocean_menu_typo_font_size_tablet":0,"ocean_menu_typo_font_size_mobile":0,"ocean_menu_typo_font_size_unit":"px","ocean_menu_typo_font_weight":"","ocean_menu_typo_font_weight_tablet":"","ocean_menu_typo_font_weight_mobile":"","ocean_menu_typo_transform":"","ocean_menu_typo_transform_tablet":"","ocean_menu_typo_transform_mobile":"","ocean_menu_typo_line_height":0,"ocean_menu_typo_line_height_tablet":0,"ocean_menu_typo_line_height_mobile":0,"ocean_menu_typo_line_height_unit":"","ocean_menu_typo_spacing":0,"ocean_menu_typo_spacing_tablet":0,"ocean_menu_typo_spacing_mobile":0,"ocean_menu_typo_spacing_unit":"","ocean_menu_link_color":"","ocean_menu_link_color_hover":"","ocean_menu_link_color_active":"","ocean_menu_link_background":"","ocean_menu_link_hover_background":"","ocean_menu_link_active_background":"","ocean_menu_social_links_bg":"","ocean_menu_social_hover_links_bg":"","ocean_menu_social_links_color":"","ocean_menu_social_hover_links_color":"","ocean_disable_title":"default","ocean_disable_heading":"default","ocean_post_title":"","ocean_post_subheading":"","ocean_post_title_style":"","ocean_post_title_background_color":"","ocean_post_title_background":0,"ocean_post_title_bg_image_position":"","ocean_post_title_bg_image_attachment":"","ocean_post_title_bg_image_repeat":"","ocean_post_title_bg_image_size":"","ocean_post_title_height":0,"ocean_post_title_bg_overlay":0.5,"ocean_post_title_bg_overlay_color":"","ocean_disable_breadcrumbs":"default","ocean_breadcrumbs_color":"","ocean_breadcrumbs_separator_color":"","ocean_breadcrumbs_links_color":"","ocean_breadcrumbs_links_hover_color":"","ocean_display_footer_widgets":"default","ocean_display_footer_bottom":"default","ocean_custom_footer_template":""},"product_brand":[],"product_cat":[18],"product_tag":[],"class_list":{"0":"post-289","1":"product","2":"type-product","3":"status-publish","4":"has-post-thumbnail","6":"product_cat-rose","8":"entry","9":"has-media","11":"first","12":"instock","13":"shipping-taxable","14":"purchasable","15":"product-type-simple","16":"has-product-nav","17":"col","18":"span_1_of_2","19":"owp-content-center","20":"item-entry","21":"owp-thumbs-layout-horizontal","22":"owp-btn-normal","23":"owp-tabs-layout-horizontal","24":"has-no-thumbnails"},"acf":[],"yoast_head":"<!-- This site is optimized with the Yoast SEO plugin v27.4 - https:\/\/yoast.com\/product\/yoast-seo-wordpress\/ -->\n<title>Blaufr\u00e4nkisch Ros\u00e9 - Pia Strehn<\/title>\n<meta name=\"robots\" content=\"index, follow, max-snippet:-1, max-image-preview:large, max-video-preview:-1\" \/>\n<link rel=\"canonical\" href=\"https:\/\/www.strehn.at\/en\/produkt\/blaufraenkisch-rose\/\" \/>\n<meta property=\"og:locale\" content=\"en_US\" \/>\n<meta property=\"og:type\" content=\"article\" \/>\n<meta property=\"og:title\" content=\"Blaufr\u00e4nkisch Ros\u00e9 - Pia Strehn\" \/>\n<meta property=\"og:description\" content=\"[vc_row][vc_column][vc_column_text css=&#8221;&#8221;]Ros\u00e9 nimmt bei uns am Weingut einen ganz besonderen Stellenwert ein. Ros\u00e9 ist mehr als ein Wein, er vermittelt so viel Gef\u00fchl und Lifestyle \u2026\u00a0 Der neue Jahrgang besticht durch Zitrusnoten, Kaktusfeige, Ankl\u00e4nge von Pfirsich, Erdbeeren und Wiesenkr\u00e4uter, am Gaumen nochmal intensive und saftige Frucht. Echt viel Wein :-).[\/vc_column_text][\/vc_column][\/vc_row]\" \/>\n<meta property=\"og:url\" content=\"https:\/\/www.strehn.at\/en\/produkt\/blaufraenkisch-rose\/\" \/>\n<meta property=\"og:site_name\" content=\"Pia Strehn\" \/>\n<meta property=\"article:publisher\" content=\"https:\/\/www.facebook.com\/weingut.strehn\/\" \/>\n<meta property=\"article:modified_time\" content=\"2026-03-11T08:09:27+00:00\" \/>\n<meta property=\"og:image\" content=\"https:\/\/www.strehn.at\/wp-content\/uploads\/2023\/06\/blaufraenkisch_rose.png\" \/>\n\t<meta property=\"og:image:width\" content=\"270\" \/>\n\t<meta property=\"og:image:height\" content=\"970\" \/>\n\t<meta property=\"og:image:type\" content=\"image\/png\" \/>\n<meta name=\"twitter:card\" content=\"summary_large_image\" \/>\n<meta name=\"twitter:label1\" content=\"Est. reading time\" \/>\n\t<meta name=\"twitter:data1\" content=\"1 minute\" \/>\n<script type=\"application\/ld+json\" class=\"yoast-schema-graph\">{\"@context\":\"https:\\\/\\\/schema.org\",\"@graph\":[{\"@type\":\"WebPage\",\"@id\":\"https:\\\/\\\/www.strehn.at\\\/en\\\/produkt\\\/blaufraenkisch-rose\\\/\",\"url\":\"https:\\\/\\\/www.strehn.at\\\/en\\\/produkt\\\/blaufraenkisch-rose\\\/\",\"name\":\"Blaufr\u00e4nkisch Ros\u00e9 - Pia Strehn\",\"isPartOf\":{\"@id\":\"https:\\\/\\\/www.strehn.at\\\/en\\\/#website\"},\"primaryImageOfPage\":{\"@id\":\"https:\\\/\\\/www.strehn.at\\\/en\\\/produkt\\\/blaufraenkisch-rose\\\/#primaryimage\"},\"image\":{\"@id\":\"https:\\\/\\\/www.strehn.at\\\/en\\\/produkt\\\/blaufraenkisch-rose\\\/#primaryimage\"},\"thumbnailUrl\":\"https:\\\/\\\/www.strehn.at\\\/wp-content\\\/uploads\\\/2023\\\/06\\\/blaufraenkisch_rose.png\",\"datePublished\":\"2023-06-27T06:00:27+00:00\",\"dateModified\":\"2026-03-11T08:09:27+00:00\",\"breadcrumb\":{\"@id\":\"https:\\\/\\\/www.strehn.at\\\/en\\\/produkt\\\/blaufraenkisch-rose\\\/#breadcrumb\"},\"inLanguage\":\"en-US\",\"potentialAction\":[{\"@type\":\"ReadAction\",\"target\":[\"https:\\\/\\\/www.strehn.at\\\/en\\\/produkt\\\/blaufraenkisch-rose\\\/\"]}]},{\"@type\":\"ImageObject\",\"inLanguage\":\"en-US\",\"@id\":\"https:\\\/\\\/www.strehn.at\\\/en\\\/produkt\\\/blaufraenkisch-rose\\\/#primaryimage\",\"url\":\"https:\\\/\\\/www.strehn.at\\\/wp-content\\\/uploads\\\/2023\\\/06\\\/blaufraenkisch_rose.png\",\"contentUrl\":\"https:\\\/\\\/www.strehn.at\\\/wp-content\\\/uploads\\\/2023\\\/06\\\/blaufraenkisch_rose.png\",\"width\":270,\"height\":970},{\"@type\":\"BreadcrumbList\",\"@id\":\"https:\\\/\\\/www.strehn.at\\\/en\\\/produkt\\\/blaufraenkisch-rose\\\/#breadcrumb\",\"itemListElement\":[{\"@type\":\"ListItem\",\"position\":1,\"name\":\"Startseite\",\"item\":\"https:\\\/\\\/www.strehn.at\\\/en\\\/\"},{\"@type\":\"ListItem\",\"position\":2,\"name\":\"Shop\",\"item\":\"https:\\\/\\\/www.strehn.at\\\/shop\\\/\"},{\"@type\":\"ListItem\",\"position\":3,\"name\":\"Blaufr\u00e4nkisch Ros\u00e9\"}]},{\"@type\":\"WebSite\",\"@id\":\"https:\\\/\\\/www.strehn.at\\\/en\\\/#website\",\"url\":\"https:\\\/\\\/www.strehn.at\\\/en\\\/\",\"name\":\"Pia Strehn\",\"description\":\"Weingut Familie Strehn\",\"publisher\":{\"@id\":\"https:\\\/\\\/www.strehn.at\\\/en\\\/#organization\"},\"potentialAction\":[{\"@type\":\"SearchAction\",\"target\":{\"@type\":\"EntryPoint\",\"urlTemplate\":\"https:\\\/\\\/www.strehn.at\\\/en\\\/?s={search_term_string}\"},\"query-input\":{\"@type\":\"PropertyValueSpecification\",\"valueRequired\":true,\"valueName\":\"search_term_string\"}}],\"inLanguage\":\"en-US\"},{\"@type\":\"Organization\",\"@id\":\"https:\\\/\\\/www.strehn.at\\\/en\\\/#organization\",\"name\":\"Pia Strehn\",\"url\":\"https:\\\/\\\/www.strehn.at\\\/en\\\/\",\"logo\":{\"@type\":\"ImageObject\",\"inLanguage\":\"en-US\",\"@id\":\"https:\\\/\\\/www.strehn.at\\\/en\\\/#\\\/schema\\\/logo\\\/image\\\/\",\"url\":\"https:\\\/\\\/www.strehn.at\\\/wp-content\\\/uploads\\\/2023\\\/05\\\/GESCHWISTER-Logo.png\",\"contentUrl\":\"https:\\\/\\\/www.strehn.at\\\/wp-content\\\/uploads\\\/2023\\\/05\\\/GESCHWISTER-Logo.png\",\"width\":605,\"height\":830,\"caption\":\"Pia Strehn\"},\"image\":{\"@id\":\"https:\\\/\\\/www.strehn.at\\\/en\\\/#\\\/schema\\\/logo\\\/image\\\/\"},\"sameAs\":[\"https:\\\/\\\/www.facebook.com\\\/weingut.strehn\\\/\",\"https:\\\/\\\/www.instagram.com\\\/piastrehn\\\/\"]}]}<\/script>\n<!-- \/ Yoast SEO plugin. -->","yoast_head_json":{"title":"Blaufr\u00e4nkisch Ros\u00e9 - Pia Strehn","robots":{"index":"index","follow":"follow","max-snippet":"max-snippet:-1","max-image-preview":"max-image-preview:large","max-video-preview":"max-video-preview:-1"},"canonical":"https:\/\/www.strehn.at\/en\/produkt\/blaufraenkisch-rose\/","og_locale":"en_US","og_type":"article","og_title":"Blaufr\u00e4nkisch Ros\u00e9 - Pia Strehn","og_description":"[vc_row][vc_column][vc_column_text css=&#8221;&#8221;]Ros\u00e9 nimmt bei uns am Weingut einen ganz besonderen Stellenwert ein. Ros\u00e9 ist mehr als ein Wein, er vermittelt so viel Gef\u00fchl und Lifestyle \u2026\u00a0 Der neue Jahrgang besticht durch Zitrusnoten, Kaktusfeige, Ankl\u00e4nge von Pfirsich, Erdbeeren und Wiesenkr\u00e4uter, am Gaumen nochmal intensive und saftige Frucht. Echt viel Wein :-).[\/vc_column_text][\/vc_column][\/vc_row]","og_url":"https:\/\/www.strehn.at\/en\/produkt\/blaufraenkisch-rose\/","og_site_name":"Pia Strehn","article_publisher":"https:\/\/www.facebook.com\/weingut.strehn\/","article_modified_time":"2026-03-11T08:09:27+00:00","og_image":[{"width":270,"height":970,"url":"https:\/\/www.strehn.at\/wp-content\/uploads\/2023\/06\/blaufraenkisch_rose.png","type":"image\/png"}],"twitter_card":"summary_large_image","twitter_misc":{"Est. reading time":"1 minute"},"schema":{"@context":"https:\/\/schema.org","@graph":[{"@type":"WebPage","@id":"https:\/\/www.strehn.at\/en\/produkt\/blaufraenkisch-rose\/","url":"https:\/\/www.strehn.at\/en\/produkt\/blaufraenkisch-rose\/","name":"Blaufr\u00e4nkisch Ros\u00e9 - Pia Strehn","isPartOf":{"@id":"https:\/\/www.strehn.at\/en\/#website"},"primaryImageOfPage":{"@id":"https:\/\/www.strehn.at\/en\/produkt\/blaufraenkisch-rose\/#primaryimage"},"image":{"@id":"https:\/\/www.strehn.at\/en\/produkt\/blaufraenkisch-rose\/#primaryimage"},"thumbnailUrl":"https:\/\/www.strehn.at\/wp-content\/uploads\/2023\/06\/blaufraenkisch_rose.png","datePublished":"2023-06-27T06:00:27+00:00","dateModified":"2026-03-11T08:09:27+00:00","breadcrumb":{"@id":"https:\/\/www.strehn.at\/en\/produkt\/blaufraenkisch-rose\/#breadcrumb"},"inLanguage":"en-US","potentialAction":[{"@type":"ReadAction","target":["https:\/\/www.strehn.at\/en\/produkt\/blaufraenkisch-rose\/"]}]},{"@type":"ImageObject","inLanguage":"en-US","@id":"https:\/\/www.strehn.at\/en\/produkt\/blaufraenkisch-rose\/#primaryimage","url":"https:\/\/www.strehn.at\/wp-content\/uploads\/2023\/06\/blaufraenkisch_rose.png","contentUrl":"https:\/\/www.strehn.at\/wp-content\/uploads\/2023\/06\/blaufraenkisch_rose.png","width":270,"height":970},{"@type":"BreadcrumbList","@id":"https:\/\/www.strehn.at\/en\/produkt\/blaufraenkisch-rose\/#breadcrumb","itemListElement":[{"@type":"ListItem","position":1,"name":"Startseite","item":"https:\/\/www.strehn.at\/en\/"},{"@type":"ListItem","position":2,"name":"Shop","item":"https:\/\/www.strehn.at\/shop\/"},{"@type":"ListItem","position":3,"name":"Blaufr\u00e4nkisch Ros\u00e9"}]},{"@type":"WebSite","@id":"https:\/\/www.strehn.at\/en\/#website","url":"https:\/\/www.strehn.at\/en\/","name":"Pia Strehn","description":"Weingut Familie Strehn","publisher":{"@id":"https:\/\/www.strehn.at\/en\/#organization"},"potentialAction":[{"@type":"SearchAction","target":{"@type":"EntryPoint","urlTemplate":"https:\/\/www.strehn.at\/en\/?s={search_term_string}"},"query-input":{"@type":"PropertyValueSpecification","valueRequired":true,"valueName":"search_term_string"}}],"inLanguage":"en-US"},{"@type":"Organization","@id":"https:\/\/www.strehn.at\/en\/#organization","name":"Pia Strehn","url":"https:\/\/www.strehn.at\/en\/","logo":{"@type":"ImageObject","inLanguage":"en-US","@id":"https:\/\/www.strehn.at\/en\/#\/schema\/logo\/image\/","url":"https:\/\/www.strehn.at\/wp-content\/uploads\/2023\/05\/GESCHWISTER-Logo.png","contentUrl":"https:\/\/www.strehn.at\/wp-content\/uploads\/2023\/05\/GESCHWISTER-Logo.png","width":605,"height":830,"caption":"Pia Strehn"},"image":{"@id":"https:\/\/www.strehn.at\/en\/#\/schema\/logo\/image\/"},"sameAs":["https:\/\/www.facebook.com\/weingut.strehn\/","https:\/\/www.instagram.com\/piastrehn\/"]}]}},"_links":{"self":[{"href":"https:\/\/www.strehn.at\/en\/wp-json\/wp\/v2\/product\/289","targetHints":{"allow":["GET"]}}],"collection":[{"href":"https:\/\/www.strehn.at\/en\/wp-json\/wp\/v2\/product"}],"about":[{"href":"https:\/\/www.strehn.at\/en\/wp-json\/wp\/v2\/types\/product"}],"wp:featuredmedia":[{"embeddable":true,"href":"https:\/\/www.strehn.at\/en\/wp-json\/wp\/v2\/media\/473"}],"wp:attachment":[{"href":"https:\/\/www.strehn.at\/en\/wp-json\/wp\/v2\/media?parent=289"}],"wp:term":[{"taxonomy":"product_brand","embeddable":true,"href":"https:\/\/www.strehn.at\/en\/wp-json\/wp\/v2\/product_brand?post=289"},{"taxonomy":"product_cat","embeddable":true,"href":"https:\/\/www.strehn.at\/en\/wp-json\/wp\/v2\/product_cat?post=289"},{"taxonomy":"product_tag","embeddable":true,"href":"https:\/\/www.strehn.at\/en\/wp-json\/wp\/v2\/product_tag?post=289"}],"curies":[{"name":"wp","href":"https:\/\/api.w.org\/{rel}","templated":true}]}}